{"id":3230,"date":"2026-04-25T22:01:39","date_gmt":"2026-04-25T20:01:39","guid":{"rendered":"https:\/\/armenier-frankfurt.de\/?page_id=3230"},"modified":"2026-04-25T23:58:01","modified_gmt":"2026-04-25T21:58:01","slug":"geschichte-des-akv","status":"publish","type":"page","link":"https:\/\/armenier-frankfurt.de\/hy\/geschichte-des-akv\/","title":{"rendered":"Geschichte des AKV"},"content":{"rendered":"\n<p>(Seite befindet sich noch im Aufbau)<br><br>Der Armenische KulturVerein in Hessen e.V. (AKV) blickt auf eine jahrzehntelange Geschichte zur\u00fcck.<br><br>Er wurde im Sp\u00e4therbst 1968 durch armenische Studenten und Gastarbeiter gegr\u00fcndet.<br><br><\/p>\n<h2><strong>Aktivit\u00e4ten des Vereins von 1968 bis 1980<\/strong><\/h2>\n<p>(Informationen werden im Laufe der Zeit erg\u00e4nzt)<\/p>\n<h2><strong>Aktivit\u00e4ten des Vereins von 1980 bis 2000<\/strong><\/h2>\n<h4><br><strong>Aktivit\u00e4ten des Vereins nach dem Erdbeben in Armenien am 7.Dezember 1988<\/strong><\/h4>\n<p>Der Verein hat verschiedene Hilfsaktionen durchgef\u00fchrt (Lebensmittel, Geld etc.) und f\u00fcr die<br>Erdbebenopfer gesammelt und nach Armenien geschickt.<br>In den Jahren 1991 und 1992 wurden insgesamt 5 Tonnen Lebensmittel gekauft und mit der Unterst\u00fctzung eines Transportunternehmens aus den USA nach Armenien transportiert.<br>Im Dezember 1989 war eine Gruppe Kinder Jugendliche zu Gast in Hessen. Von der Leitung der<br>Gruppe wurde eine Bitte an unseren Verein herangetragen, dass die Gruppe (diese Gruppe kam aus<br>dem Erdbebengebiet Armenien) am ersten Jahrestag des Erdbebens eine Gedenkveranstaltung<br>durchf\u00fchren wollten.<\/p>\n<p>Unser Verein hat die Aufgabe \u00fcbernommen, eine Gedenkveranstaltung mit der<br>Gruppe zu organisieren.<\/p>\n<p><br>Im Jahre 1990 fand zwischen unserem Verein und den Organisationen 7. Dezember in Armenien und<br>Frankreich ein Treffen statt. Ziel war es<br>Die Hilfsarbeit f\u00fcr Erdbebenopfer besser zu koordinieren.<br>Im Sommer 1990 hat unser Verein 30 Waisen \/ Halbwaisen Kinder aus Erdbebengebiet zum Zweck<br>Erholung nach Frankfurt eingeladen. Die Gruppe wurde von 4 Betreuer aus Armenien begleitet. Die<br>Kinder waren 3 Wochen lang zu Gast. Sie wurden bei verschiedenen Familien untergebracht. Den<br>Kindern wurden verschiedene Aktivit\u00e4ten angeboten.<br>Im Mai 1991 reiste eine Delegation von unserem Verein nach Armenien. Unsere Partnerorganisation<br>in Armenien hat uns w\u00e4hrend unserer Reise die Delegation begleitet. Der Delegation wurde<br>verschiedene Erdbebengebiete gezeigt und es fanden sehr beeindruckende Gespr\u00e4che mit vom Erdbeben<br>betroffen Menschen statt. <br>Es wurde \u00fcberlegt, wie unser Verein den Erdbebenopfer mittelfristig\/ langfristig helfen kann.<br><br>Von unserer Partnerorganisation wurde der Wunsch ge\u00e4u\u00dfert, den Bau einer N\u00e4hwerkstatt zu<br>finanzieren. Dies h\u00e4tte das Ziel, die vom Erdbeben betroffenen Menschen zu unterst\u00fctzen. <br>Unter dem Motte Hilfe zur Selbsthilfe wurde diese Werkstadt mit Hilfe der Stadt Kirowakan \/ Vanadzor gebaut. Unser Verein hat die Anschaffung der N\u00e4hmaschinen finanziert (5000 DM von unserem Verein). <br><br><strong>Aktivit\u00e4ten bez\u00fcglich Berg-Karabach \/ Arzach<\/strong><br>Politische Arbeit: Gegen den Pogrom an den Armeniern in Baku hat unser Verein im Januar 1990 eine mehrt\u00e4gige Mahnwache vor der sowjetische Milit\u00e4rmission in Niederrad\/ Frankfurt organisiert. Das<br>hessische Fernsehen war anwesend und hat von der Mahnwache berichtet. W\u00e4hrend der<br>Mahnwache wurde ein Protestschreiben an Kommandanten der sowjetischen Milit\u00e4rmission<br>\u00fcbergeben. Dar\u00fcber hinaus wurden 2 Informationsveranstaltungen zum Thema Karabach\/ Arzach<br>organisiert (auf Deutsch). Ferner nahmen unsere Vereinsmitglieder an einer Protestdemonstration in<br>Bonn teil, auch wegen Berg-Karabach\/Arzach.<br><br><strong>24. April-Gedenktage<\/strong><br>Am 24. April 1991 fand die Gedenkveranstaltung zum Genozid an den Armeniern statt. Zum ersten<br>Mal fand diese Gedenkveranstaltung in der Frankfurter Paulskirche statt, organisiert von unserem Verein<br>und der Deutsch-Sowjetischen Gesellschaft in Hessen.<\/p>\n<p><img loading=\"lazy\" decoding=\"async\" class=\"aligncenter size-full wp-image-3240\" src=\"https:\/\/armenier-frankfurt.de\/akv\/wp-content\/uploads\/2026\/04\/Genozid-Veranstaltung-1991.png\" alt=\"\" width=\"531\" height=\"755\" srcset=\"https:\/\/armenier-frankfurt.de\/akv\/wp-content\/uploads\/2026\/04\/Genozid-Veranstaltung-1991.png 531w, https:\/\/armenier-frankfurt.de\/akv\/wp-content\/uploads\/2026\/04\/Genozid-Veranstaltung-1991-211x300.png 211w, https:\/\/armenier-frankfurt.de\/akv\/wp-content\/uploads\/2026\/04\/Genozid-Veranstaltung-1991-422x600.png 422w\" sizes=\"auto, (max-width: 531px) 100vw, 531px\" \/><\/p>\n<p>Frau Renate Schmidt, Vizepr\u00e4sidentin des Bundestages war anwesend und hat eine Ansprache<br>gehalten. Das Programmheft ist im Folgenden zu sehen:<br><img loading=\"lazy\" decoding=\"async\" class=\"aligncenter size-large wp-image-3241\" src=\"https:\/\/armenier-frankfurt.de\/akv\/wp-content\/uploads\/2026\/04\/Programm-Gedenkveranstaltung-1991-1024x727.jpg\" alt=\"\" width=\"1024\" height=\"727\" srcset=\"https:\/\/armenier-frankfurt.de\/akv\/wp-content\/uploads\/2026\/04\/Programm-Gedenkveranstaltung-1991-1024x727.jpg 1024w, https:\/\/armenier-frankfurt.de\/akv\/wp-content\/uploads\/2026\/04\/Programm-Gedenkveranstaltung-1991-300x213.jpg 300w, https:\/\/armenier-frankfurt.de\/akv\/wp-content\/uploads\/2026\/04\/Programm-Gedenkveranstaltung-1991-768x545.jpg 768w, https:\/\/armenier-frankfurt.de\/akv\/wp-content\/uploads\/2026\/04\/Programm-Gedenkveranstaltung-1991-800x568.jpg 800w, https:\/\/armenier-frankfurt.de\/akv\/wp-content\/uploads\/2026\/04\/Programm-Gedenkveranstaltung-1991.jpg 1255w\" sizes=\"auto, (max-width: 1024px) 100vw, 1024px\" \/><\/p>\n<p>Ab Mitte der 1990er-Jahre wird j\u00e4hrlich in der Frankfurter Paulskirche die zentrale Gedenkveranstaltung anl\u00e4sslich des Genozids an den Armeniern abgehalten. Der 1993 gegr\u00fcndete Zentralrat der Armenier in Deutschland \u00fcbernimmt ab diesem Zeitpunkt die Koordination, Planung und Durchf\u00fchrung der Veranstaltung. Der AKV arbeitet seitdem in enger Zusammenarbeit dem ZAD f\u00fcr diese Veranstaltung mit unterschiedlichen Hilfsleistungen zu.<br><br><\/p>\n<p><strong>Weitere Aktivit\u00e4ten in direkter Zusammenarbeit mit 3. Republik Armenien<\/strong><br>Im August 1992 hat unser Verein die Gesch\u00e4ftsf\u00fchrerin und das Vorstandsmitglied vom Hayastan<br>Fonds\/ Armenien Fond nach Frankfurt eingeladen. Die beide G\u00e4ste haben den AKV \u00fcber den Hayastan Fond informiert.<br>Unser Verein hat die armenischen Schriftsteller\/ Verleger zur <strong>Buchmesse<\/strong> nach Frankfurt<br>eingeladen (Oktober). Zum ersten Mal war die Republik Armenien bei der Buchmesse vertreten und unser<br>Verein hat dies organisiert und finanziert.<br>Im Oktober 1992 war der armenische Vizepr\u00e4sident, Gagik Harutian zu Besuch in Deutschland. Unser<br>Verein hat ihn nach Frankfurt eingeladen. Es fand ein Treffen mit ihm und den Vereinsmitgliedern statt. <br>Er hat die Vereinsmitglieder \u00fcber die aktuelle Lage in Armenien und den Haystan Fonds informiert. <br>Im Jahre 1992 fanden 2 Interviews zwischen unseren<br>Vereinsvorsitzenden und dem <strong>Hessischen Rundfunk<\/strong> zu den Themen Erdbeben in Armenien und die Folgen sowie Berg-Karabach\/Arzach statt.<\/p>\n<p>&nbsp;<\/p>\n<p><strong>Neuer Samstagstreffpunkt<\/strong><br>Mit der Kooperation zwischen unserem Verein und der evangelischen<br>Kirchengemeinde in Bockenheim\/ Frankfurt hat unser Verein im Gemeindehaus M\u00f6glichkeit<br>bekommen, sich jeden Samstag ab 1990 zu treffen. Dadurch hat der Verein die M\u00f6glichkeit erhalten,<br>Armenisch-Unterricht f\u00fcr Kinder und Jugendlichen anzubieten und den Vereinsmitgliedern wurde erm\u00f6glicht, sich regelm\u00e4\u00dfig zu treffen.<\/p>\n<p>Dar\u00fcber hinaus hat der Verein die M\u00f6glichkeit erhalten, verschiedene Aktivit\u00e4ten im Gemeindesaal zu organisieren durchzuf\u00fchren.<\/p>\n<p>Der Verein war von 1990 bis ca. 2002 zu Gast bei der Markusgemeinede. In den 12 Jahren konnte<br>der Verein viele Aktivit\u00e4ten organisieren und durchf\u00fchren.&nbsp;2002 musste der Verein den Treffpunkt in der Markusgemeinde verlassen, da das Gemeindehaus der Markuskirche umgebaut werden musste und danach eine intensivere Nutzung durch die Markusgemeinde selbst vorgesehen war.<\/p>\n<p><strong>Gottesdienste, kulturelle Veranstaltungen, weitere Kooperationen<\/strong><\/p>\n<p>Der AKV begann 5 bis 6 Mal pro Jahr Gottesdienste in Frankfurt anzubieten.&nbsp;<br><br><\/p>\n<h2><strong>Aktivit\u00e4ten des Vereins von 2000 bis 2014<\/strong><\/h2>\n<p><strong>Besuch der armenischen Dadyanschule aus Istanbul von 22.06.2007 bis 29.06.2007<\/strong><\/p>\n<p>In dieser Zeit kamen 13 armenische Sch\u00fclerinnen und Sch\u00fcler aus Istanbul nach Deutschland. Sie wurden von der Mathildenschule in Offenbach eingeladen. Unser Verein kooperierte mit der Mathildenschule und die Kinder wurden bei den verschieden armenischen Familien untergebracht. <br>Mit Unterst\u00fctzung des AmkA in Frankfurt konnte unser Verein den Sch\u00fclern verschiedene<br>Aktivit\u00e4ten anbieten. Dies war eine weitere gelungene Zusammenarbeit zwischen unserem Verein und einer deutschen Institution.<\/p>\n<p>&nbsp;<\/p>\n<p><b>45 Jahre AKV Jubil\u00e4umsveranstaltung im Vortragssaal der Frankfurter Sparkasse im Oktober 2013<\/b><\/p>\n<p>Das Jahr 2013 markierte das 45. Jahr nach der Gr\u00fcndung des<\/p>\n<p><img loading=\"lazy\" decoding=\"async\" class=\"aligncenter wp-image-3253\" src=\"https:\/\/armenier-frankfurt.de\/akv\/wp-content\/uploads\/2026\/04\/45-Jahre-AKV-Jubilaeumskonzert-Programm-Cover-aussen-Kopie-1024x724.jpg\" alt=\"\" width=\"919\" height=\"650\" srcset=\"https:\/\/armenier-frankfurt.de\/akv\/wp-content\/uploads\/2026\/04\/45-Jahre-AKV-Jubilaeumskonzert-Programm-Cover-aussen-Kopie-1024x724.jpg 1024w, https:\/\/armenier-frankfurt.de\/akv\/wp-content\/uploads\/2026\/04\/45-Jahre-AKV-Jubilaeumskonzert-Programm-Cover-aussen-Kopie-300x212.jpg 300w, https:\/\/armenier-frankfurt.de\/akv\/wp-content\/uploads\/2026\/04\/45-Jahre-AKV-Jubilaeumskonzert-Programm-Cover-aussen-Kopie-768x543.jpg 768w, https:\/\/armenier-frankfurt.de\/akv\/wp-content\/uploads\/2026\/04\/45-Jahre-AKV-Jubilaeumskonzert-Programm-Cover-aussen-Kopie-1536x1086.jpg 1536w, https:\/\/armenier-frankfurt.de\/akv\/wp-content\/uploads\/2026\/04\/45-Jahre-AKV-Jubilaeumskonzert-Programm-Cover-aussen-Kopie-2048x1448.jpg 2048w, https:\/\/armenier-frankfurt.de\/akv\/wp-content\/uploads\/2026\/04\/45-Jahre-AKV-Jubilaeumskonzert-Programm-Cover-aussen-Kopie-800x566.jpg 800w\" sizes=\"auto, (max-width: 919px) 100vw, 919px\" \/><\/p>\n<h3><img loading=\"lazy\" decoding=\"async\" class=\"aligncenter wp-image-3254\" src=\"https:\/\/armenier-frankfurt.de\/akv\/wp-content\/uploads\/2026\/04\/45-Jahre-AKV-Jubilaeumskonzert-Programm-Cover-page-1-6-Kopie-1024x724.jpg\" alt=\"\" width=\"919\" height=\"650\" srcset=\"https:\/\/armenier-frankfurt.de\/akv\/wp-content\/uploads\/2026\/04\/45-Jahre-AKV-Jubilaeumskonzert-Programm-Cover-page-1-6-Kopie-1024x724.jpg 1024w, https:\/\/armenier-frankfurt.de\/akv\/wp-content\/uploads\/2026\/04\/45-Jahre-AKV-Jubilaeumskonzert-Programm-Cover-page-1-6-Kopie-300x212.jpg 300w, https:\/\/armenier-frankfurt.de\/akv\/wp-content\/uploads\/2026\/04\/45-Jahre-AKV-Jubilaeumskonzert-Programm-Cover-page-1-6-Kopie-768x543.jpg 768w, https:\/\/armenier-frankfurt.de\/akv\/wp-content\/uploads\/2026\/04\/45-Jahre-AKV-Jubilaeumskonzert-Programm-Cover-page-1-6-Kopie-1536x1086.jpg 1536w, https:\/\/armenier-frankfurt.de\/akv\/wp-content\/uploads\/2026\/04\/45-Jahre-AKV-Jubilaeumskonzert-Programm-Cover-page-1-6-Kopie-2048x1448.jpg 2048w, https:\/\/armenier-frankfurt.de\/akv\/wp-content\/uploads\/2026\/04\/45-Jahre-AKV-Jubilaeumskonzert-Programm-Cover-page-1-6-Kopie-800x566.jpg 800w\" sizes=\"auto, (max-width: 919px) 100vw, 919px\" \/><\/h3>\n<h3>&nbsp;<\/h3>\n<h3><img loading=\"lazy\" decoding=\"async\" class=\"aligncenter wp-image-3255\" src=\"https:\/\/armenier-frankfurt.de\/akv\/wp-content\/uploads\/2026\/04\/45-Jahre-AKV-Jubilaeumskonzert-Programm-Cover-page-3-4-Kopie-1024x724.jpg\" alt=\"\" width=\"919\" height=\"650\" srcset=\"https:\/\/armenier-frankfurt.de\/akv\/wp-content\/uploads\/2026\/04\/45-Jahre-AKV-Jubilaeumskonzert-Programm-Cover-page-3-4-Kopie-1024x724.jpg 1024w, https:\/\/armenier-frankfurt.de\/akv\/wp-content\/uploads\/2026\/04\/45-Jahre-AKV-Jubilaeumskonzert-Programm-Cover-page-3-4-Kopie-300x212.jpg 300w, https:\/\/armenier-frankfurt.de\/akv\/wp-content\/uploads\/2026\/04\/45-Jahre-AKV-Jubilaeumskonzert-Programm-Cover-page-3-4-Kopie-768x543.jpg 768w, https:\/\/armenier-frankfurt.de\/akv\/wp-content\/uploads\/2026\/04\/45-Jahre-AKV-Jubilaeumskonzert-Programm-Cover-page-3-4-Kopie-1536x1086.jpg 1536w, https:\/\/armenier-frankfurt.de\/akv\/wp-content\/uploads\/2026\/04\/45-Jahre-AKV-Jubilaeumskonzert-Programm-Cover-page-3-4-Kopie-2048x1448.jpg 2048w, https:\/\/armenier-frankfurt.de\/akv\/wp-content\/uploads\/2026\/04\/45-Jahre-AKV-Jubilaeumskonzert-Programm-Cover-page-3-4-Kopie-800x566.jpg 800w\" sizes=\"auto, (max-width: 919px) 100vw, 919px\" \/><\/h3>\n<h3><img loading=\"lazy\" decoding=\"async\" class=\"aligncenter wp-image-3256\" src=\"https:\/\/armenier-frankfurt.de\/akv\/wp-content\/uploads\/2026\/04\/45-Jahre-AKV-Jubilaeumskonzert-Programm-Cover-page-5-2-Kopie-1024x724.jpg\" alt=\"\" width=\"919\" height=\"650\" srcset=\"https:\/\/armenier-frankfurt.de\/akv\/wp-content\/uploads\/2026\/04\/45-Jahre-AKV-Jubilaeumskonzert-Programm-Cover-page-5-2-Kopie-1024x724.jpg 1024w, https:\/\/armenier-frankfurt.de\/akv\/wp-content\/uploads\/2026\/04\/45-Jahre-AKV-Jubilaeumskonzert-Programm-Cover-page-5-2-Kopie-300x212.jpg 300w, https:\/\/armenier-frankfurt.de\/akv\/wp-content\/uploads\/2026\/04\/45-Jahre-AKV-Jubilaeumskonzert-Programm-Cover-page-5-2-Kopie-768x543.jpg 768w, https:\/\/armenier-frankfurt.de\/akv\/wp-content\/uploads\/2026\/04\/45-Jahre-AKV-Jubilaeumskonzert-Programm-Cover-page-5-2-Kopie-1536x1086.jpg 1536w, https:\/\/armenier-frankfurt.de\/akv\/wp-content\/uploads\/2026\/04\/45-Jahre-AKV-Jubilaeumskonzert-Programm-Cover-page-5-2-Kopie-2048x1448.jpg 2048w, https:\/\/armenier-frankfurt.de\/akv\/wp-content\/uploads\/2026\/04\/45-Jahre-AKV-Jubilaeumskonzert-Programm-Cover-page-5-2-Kopie-800x566.jpg 800w\" sizes=\"auto, (max-width: 919px) 100vw, 919px\" \/><\/h3>\n<h2><strong>Aktivit\u00e4ten des Vereins von 2014 bis 2024<\/strong><\/h2>\n<p>2014 stellten sich die langj\u00e4hringen aktiven Vorstandsmitglieder Mher Beglaryan und Lusine Vardumyan nicht mehr zur Wiederwahl auf. An ihre Stelle traten Vahe Katschaturian und Armin Preu\u00df aus der ehemaligen Jugendgruppe des AKV.<br>Herr Katschaturian und Herr Preu\u00df wurde durch das langj\u00e4hrige weiterhin aktive Vorstandsmitglied Evet Dujak als Schatzmeisterin erg\u00e4nzt.<\/p>\n<p><br><b>50 Jahre AKV Jubil\u00e4umsveranstaltung im Vortragssaal der Frankfurter Sparkasse im November 2018<\/b><\/p>\n<p><img loading=\"lazy\" decoding=\"async\" class=\"aligncenter wp-image-3250\" src=\"https:\/\/armenier-frankfurt.de\/akv\/wp-content\/uploads\/2026\/04\/AKV-50.jpg\" alt=\"\" width=\"461\" height=\"650\" srcset=\"https:\/\/armenier-frankfurt.de\/akv\/wp-content\/uploads\/2026\/04\/AKV-50.jpg 537w, https:\/\/armenier-frankfurt.de\/akv\/wp-content\/uploads\/2026\/04\/AKV-50-213x300.jpg 213w, https:\/\/armenier-frankfurt.de\/akv\/wp-content\/uploads\/2026\/04\/AKV-50-426x600.jpg 426w\" sizes=\"auto, (max-width: 461px) 100vw, 461px\" \/><\/p>\n<p>Anbei ist das Veranstaltungsprogramm auf Armenisch einzusehen:<\/p>\n<p><img loading=\"lazy\" decoding=\"async\" class=\"aligncenter size-full wp-image-3276\" src=\"https:\/\/armenier-frankfurt.de\/akv\/wp-content\/uploads\/2026\/04\/50-Jahre-AKV-Armenisch-Programm.jpg\" alt=\"\" width=\"796\" height=\"557\" srcset=\"https:\/\/armenier-frankfurt.de\/akv\/wp-content\/uploads\/2026\/04\/50-Jahre-AKV-Armenisch-Programm.jpg 796w, https:\/\/armenier-frankfurt.de\/akv\/wp-content\/uploads\/2026\/04\/50-Jahre-AKV-Armenisch-Programm-300x210.jpg 300w, https:\/\/armenier-frankfurt.de\/akv\/wp-content\/uploads\/2026\/04\/50-Jahre-AKV-Armenisch-Programm-768x537.jpg 768w\" sizes=\"auto, (max-width: 796px) 100vw, 796px\" \/><\/p>\n<p><img loading=\"lazy\" decoding=\"async\" class=\"aligncenter size-large wp-image-3279\" src=\"https:\/\/armenier-frankfurt.de\/akv\/wp-content\/uploads\/2026\/04\/50-Jahre-AKV-Armenisch-Programm-2-1024x730.jpg\" alt=\"\" width=\"1024\" height=\"730\" srcset=\"https:\/\/armenier-frankfurt.de\/akv\/wp-content\/uploads\/2026\/04\/50-Jahre-AKV-Armenisch-Programm-2-1024x730.jpg 1024w, https:\/\/armenier-frankfurt.de\/akv\/wp-content\/uploads\/2026\/04\/50-Jahre-AKV-Armenisch-Programm-2-300x214.jpg 300w, https:\/\/armenier-frankfurt.de\/akv\/wp-content\/uploads\/2026\/04\/50-Jahre-AKV-Armenisch-Programm-2-768x547.jpg 768w, https:\/\/armenier-frankfurt.de\/akv\/wp-content\/uploads\/2026\/04\/50-Jahre-AKV-Armenisch-Programm-2-800x570.jpg 800w, https:\/\/armenier-frankfurt.de\/akv\/wp-content\/uploads\/2026\/04\/50-Jahre-AKV-Armenisch-Programm-2.jpg 1198w\" sizes=\"auto, (max-width: 1024px) 100vw, 1024px\" \/><\/p>\n<p><img loading=\"lazy\" decoding=\"async\" class=\"aligncenter size-large wp-image-3280\" src=\"https:\/\/armenier-frankfurt.de\/akv\/wp-content\/uploads\/2026\/04\/50-Jahre-AKV-Armenisch-Programm-3-1024x724.jpg\" alt=\"\" width=\"1024\" height=\"724\" srcset=\"https:\/\/armenier-frankfurt.de\/akv\/wp-content\/uploads\/2026\/04\/50-Jahre-AKV-Armenisch-Programm-3-1024x724.jpg 1024w, https:\/\/armenier-frankfurt.de\/akv\/wp-content\/uploads\/2026\/04\/50-Jahre-AKV-Armenisch-Programm-3-300x212.jpg 300w, https:\/\/armenier-frankfurt.de\/akv\/wp-content\/uploads\/2026\/04\/50-Jahre-AKV-Armenisch-Programm-3-768x543.jpg 768w, https:\/\/armenier-frankfurt.de\/akv\/wp-content\/uploads\/2026\/04\/50-Jahre-AKV-Armenisch-Programm-3-800x566.jpg 800w, https:\/\/armenier-frankfurt.de\/akv\/wp-content\/uploads\/2026\/04\/50-Jahre-AKV-Armenisch-Programm-3.jpg 1202w\" sizes=\"auto, (max-width: 1024px) 100vw, 1024px\" \/><\/p>\n<p><img loading=\"lazy\" decoding=\"async\" class=\"aligncenter size-large wp-image-3281\" src=\"https:\/\/armenier-frankfurt.de\/akv\/wp-content\/uploads\/2026\/04\/50-Jahre-AKV-Armenisch-Programm-4-1024x725.jpg\" alt=\"\" width=\"1024\" height=\"725\" srcset=\"https:\/\/armenier-frankfurt.de\/akv\/wp-content\/uploads\/2026\/04\/50-Jahre-AKV-Armenisch-Programm-4-1024x725.jpg 1024w, https:\/\/armenier-frankfurt.de\/akv\/wp-content\/uploads\/2026\/04\/50-Jahre-AKV-Armenisch-Programm-4-300x212.jpg 300w, https:\/\/armenier-frankfurt.de\/akv\/wp-content\/uploads\/2026\/04\/50-Jahre-AKV-Armenisch-Programm-4-768x544.jpg 768w, https:\/\/armenier-frankfurt.de\/akv\/wp-content\/uploads\/2026\/04\/50-Jahre-AKV-Armenisch-Programm-4-800x566.jpg 800w, https:\/\/armenier-frankfurt.de\/akv\/wp-content\/uploads\/2026\/04\/50-Jahre-AKV-Armenisch-Programm-4.jpg 1202w\" sizes=\"auto, (max-width: 1024px) 100vw, 1024px\" \/><\/p>\n<p><strong>Kunstfestival im Rahmen von AKV 55 am 09.12.2023<\/strong><\/p>\n<p><img loading=\"lazy\" decoding=\"async\" class=\"aligncenter wp-image-3246\" src=\"https:\/\/armenier-frankfurt.de\/akv\/wp-content\/uploads\/2026\/04\/Kunstfestival-2023.png\" alt=\"\" width=\"456\" height=\"650\" srcset=\"https:\/\/armenier-frankfurt.de\/akv\/wp-content\/uploads\/2026\/04\/Kunstfestival-2023.png 566w, https:\/\/armenier-frankfurt.de\/akv\/wp-content\/uploads\/2026\/04\/Kunstfestival-2023-211x300.png 211w, https:\/\/armenier-frankfurt.de\/akv\/wp-content\/uploads\/2026\/04\/Kunstfestival-2023-421x600.png 421w\" sizes=\"auto, (max-width: 456px) 100vw, 456px\" \/><\/p>\n<p><strong>55 Jahre Kultur, Integration und Sprachenvielfalt am 07.09.2024<\/strong><\/p>\n<p><img loading=\"lazy\" decoding=\"async\" class=\"aligncenter wp-image-3247\" src=\"https:\/\/armenier-frankfurt.de\/akv\/wp-content\/uploads\/2026\/04\/AKV_55-Poster_mit_Foerderern-727x1024.jpg\" alt=\"\" width=\"461\" height=\"650\" srcset=\"https:\/\/armenier-frankfurt.de\/akv\/wp-content\/uploads\/2026\/04\/AKV_55-Poster_mit_Foerderern-727x1024.jpg 727w, https:\/\/armenier-frankfurt.de\/akv\/wp-content\/uploads\/2026\/04\/AKV_55-Poster_mit_Foerderern-213x300.jpg 213w, https:\/\/armenier-frankfurt.de\/akv\/wp-content\/uploads\/2026\/04\/AKV_55-Poster_mit_Foerderern-768x1082.jpg 768w, https:\/\/armenier-frankfurt.de\/akv\/wp-content\/uploads\/2026\/04\/AKV_55-Poster_mit_Foerderern-1090x1536.jpg 1090w, https:\/\/armenier-frankfurt.de\/akv\/wp-content\/uploads\/2026\/04\/AKV_55-Poster_mit_Foerderern-1453x2048.jpg 1453w, https:\/\/armenier-frankfurt.de\/akv\/wp-content\/uploads\/2026\/04\/AKV_55-Poster_mit_Foerderern-426x600.jpg 426w, https:\/\/armenier-frankfurt.de\/akv\/wp-content\/uploads\/2026\/04\/AKV_55-Poster_mit_Foerderern-scaled.jpg 1816w\" sizes=\"auto, (max-width: 461px) 100vw, 461px\" \/><\/p>\n<p>&nbsp;<\/p>\n<p>&nbsp;<\/p>\n\n\n\n<h2>Aktivit\u00e4ten des Vereins seit 2025<\/h2>\n<p>Nach 9 Jahren als erster Vorstandsvorsitzender stellt sich Armin Preu\u00df nicht mehr zur Wiederwahl in den Vorstand auf.<br>An seine Stelle wird am 20.01.2025 Ruben Muradyan als 1. Vorsitzender gew\u00e4hlt.&nbsp;<br>Das langj\u00e4hrige Vorstandsmitglied Shushan Tumanyan, zuletzt 2. Vorsitzende stellt sich ebenfalls nicht mehr zur Wahl auf, neuer 2. Vorsitzender wird Edvin Movsisyan.&nbsp;<br>Die Schatzmeisterin Lusine Shahramanyan setzt Ihre seit 2022 bestehende T\u00e4tigkeit im Vorstand fort, genauso wie Naira Galstyan, wobei Frau Galstyan von der Position der Jugendbeauftragten nun in die Position der Schriftf\u00fchrerin gew\u00e4hlt wird.<br>Aida Hakobyan wird als Jugendbeauftragte neu in den Vorstand gew\u00e4hlt.<br>Der neue Vorstand f\u00fchrt seitdem das Vereinsleben souver\u00e4n weiter und setzt neben verschiedenen Aktivit\u00e4ten einen starken Fokus auf die armenische Samstagsschule.<\/p>\n","protected":false},"excerpt":{"rendered":"<p>(Seite befindet sich noch im Aufbau) Der Armenische KulturVerein in Hessen e.V. (AKV) blickt auf eine jahrzehntelange Geschichte zur\u00fcck. Er wurde im Sp\u00e4therbst 1968 durch armenische Studenten und Gastarbeiter gegr\u00fcndet. Aktivit\u00e4ten des Vereins von 1968 bis 1980 (Informationen werden im Laufe der Zeit erg\u00e4nzt) Aktivit\u00e4ten des Vereins von 1980 bis 2000 Aktivit\u00e4ten des Vereins nach [&hellip;]<\/p>\n","protected":false},"author":3,"featured_media":0,"parent":0,"menu_order":0,"comment_status":"closed","ping_status":"closed","template":"","meta":{"ngg_post_thumbnail":0,"footnotes":""},"class_list":["post-3230","page","type-page","status-publish","hentry"],"_links":{"self":[{"href":"https:\/\/armenier-frankfurt.de\/hy\/wp-json\/wp\/v2\/pages\/3230","targetHints":{"allow":["GET"]}}],"collection":[{"href":"https:\/\/armenier-frankfurt.de\/hy\/wp-json\/wp\/v2\/pages"}],"about":[{"href":"https:\/\/armenier-frankfurt.de\/hy\/wp-json\/wp\/v2\/types\/page"}],"author":[{"embeddable":true,"href":"https:\/\/armenier-frankfurt.de\/hy\/wp-json\/wp\/v2\/users\/3"}],"replies":[{"embeddable":true,"href":"https:\/\/armenier-frankfurt.de\/hy\/wp-json\/wp\/v2\/comments?post=3230"}],"version-history":[{"count":10,"href":"https:\/\/armenier-frankfurt.de\/hy\/wp-json\/wp\/v2\/pages\/3230\/revisions"}],"predecessor-version":[{"id":3282,"href":"https:\/\/armenier-frankfurt.de\/hy\/wp-json\/wp\/v2\/pages\/3230\/revisions\/3282"}],"wp:attachment":[{"href":"https:\/\/armenier-frankfurt.de\/hy\/wp-json\/wp\/v2\/media?parent=3230"}],"curies":[{"name":"wp","href":"https:\/\/api.w.org\/{rel}","templated":true}]}}