{"id":2910,"date":"2018-05-26T00:10:01","date_gmt":"2018-05-25T22:10:01","guid":{"rendered":"http:\/\/armenier-frankfurt.de\/?page_id=2910"},"modified":"2023-03-10T00:09:57","modified_gmt":"2023-03-09T23:09:57","slug":"datenschutzerklaerung","status":"publish","type":"page","link":"https:\/\/armenier-frankfurt.de\/hy\/datenschutzerklaerung\/","title":{"rendered":"Datenschutzerkl\u00e4rung nach neuer DSGVO"},"content":{"rendered":"<p><\/p>\n<h3>Datenschutzerkl\u00e4rung f\u00fcr armenier-frankfurt.de<\/h3>\n<p>Sehr geehrte Besucherinnen und Besucher, wir freuen uns \u00fcber Ihren Besuch auf unseren Webseiten. Wir m\u00f6chten, dass Sie sich hierbei sicher und wohl f\u00fchlen. Der Schutz Ihrer Privatsph\u00e4re hat f\u00fcr uns einen hohen Stellenwert. Die folgenden Datenschutzbestimmungen sind daf\u00fcr gedacht, Sie \u00fcber unsere Handhabung der Erhebung, Verwendung und Weitergabe von pers\u00f6nlichen Daten zu informieren.<\/p>\n<p>&nbsp;<\/p>\n<p><b>Verantwortliche Stelle<\/b><\/p>\n<p>Armenischer KulturVerein in Hessen e.V.<br \/>\nArmin Preu\u00df<br \/>\nOffenbacher Landstra\u00dfe 251<br \/>\n60599 Frankfurt<br \/>\n<a href=\"http:\/\/armenier-frankfurt.de\/akv\/wp-content\/uploads\/2012\/07\/AKV-Email-1.png\"><img loading=\"lazy\" decoding=\"async\" class=\"alignnone size-full wp-image-2567\" src=\"http:\/\/armenier-frankfurt.de\/akv\/wp-content\/uploads\/2012\/07\/AKV-Email-1.png\" alt=\"\" width=\"188\" height=\"30\"><\/a><\/p>\n<p>&nbsp;<\/p>\n<p><b>Nutzungsdaten<\/b><\/p>\n<p>Um die Qualit\u00e4t und Funktionsf\u00e4higkeit unserer Webseiten zu verbessern und f\u00fcr den Fall einer Strafverfolgung, speichern wir zu statistischen Zwecken Daten \u00fcber den einzelnen Zugriff auf unsere Seiten. Dieser Datensatz besteht aus<\/p>\n<ul>\n<li>der Seite, von der aus die Datei angefordert wurde,<\/li>\n<li>dem Namen der Datei,<\/li>\n<li>dem Datum und der Uhrzeit der Abfrage,<\/li>\n<li>der \u00fcbertragenen Datenmenge,<\/li>\n<li>dem Zugriffsstatus (Datei \u00fcbertragen, Datei nicht gefunden),<\/li>\n<li>Beschreibung des Typs des verwendeten Webbrowsers,<\/li>\n<li>der IP-Adresse des anfragenden Rechners<\/li>\n<\/ul>\n<p>Rechtsgrundlage f\u00fcr diese Datenverarbeitung ist Art. 6 Abs. 1 lit. f DSGVO (berechtigten Interessen des Verantwortlichen).<\/p>\n<p>Die o.g. Gr\u00fcnde stellen auch das berechtigte Interesse f\u00fcr die Datenverarbeitung nach Art. 6 Abs. 1 lit. f DSGVO dar.<\/p>\n<p>&nbsp;<\/p>\n<p><b>Newsletter<\/b><\/p>\n<p>Wir bieten die M\u00f6glichkeit, sich per Newsletter \u00fcber Neuerungen auf unserer Webseite zu informieren. Hierf\u00fcr ben\u00f6tigen wir ausschlie\u00dflich Ihre E-Mail-Adresse. Wenn Sie zu einem sp\u00e4teren Zeitpunkt den Newsletter nicht mehr beziehen m\u00f6chten, ist dies \u00fcber eine einfache E-Mail Abmeldung m\u00f6glich. Rechtsgrundlage f\u00fcr die Verarbeitung der Daten nach Anmeldung zum Newsletter durch den Nutzer ist die Einwilligung des Nutzers, Art. 6 Abs. 1 lit. a DSGVO. Rechtsgrundlage f\u00fcr den Versand des Newsletters infolge des Verkaufs von Waren oder Dienstleistungen ist \u00a7 7 Abs. 3 UWG.<\/p>\n<p>&nbsp;<\/p>\n<p><b>Kontaktformular<\/b><\/p>\n<p>Sie k\u00f6nnen sich \u00fcber ein Kontaktformular jederzeit mit Fragen oder Anregungen an uns wenden. Um Ihre Fragen beantworten oder Ihnen eine R\u00fcckmeldung zukommen lassen zu k\u00f6nnen, ben\u00f6tigen wir folgende Angaben: Name, Vorname und E-Mail Adresse. Diese Daten verwenden wir ausschlie\u00dflich f\u00fcr die o.g. Zwecke. Rechtsgrundlage f\u00fcr die Verarbeitung der Daten, die im Zuge der Nutzung des Kontaktformulars oder der \u00dcbersendung einer E-Mail \u00fcbermittelt werden, ist Art. 6 Abs. 1 lit. f DSGVO.<\/p>\n<p>Zielt der E-Mail-Kontakt auf den Abschluss eines Vertrages ab, so ist zus\u00e4tzliche Rechtsgrundlage f\u00fcr die Verarbeitung Art. 6 Abs. 1 lit. b DSGVO.<\/p>\n<p>&nbsp;<\/p>\n<p><b>Ihre Rechte als Nutzer<\/b><\/p>\n<p>a) Recht auf Best\u00e4tigung<br \/>\nJede betroffene Person hat das Recht, Auskunft zu verlangen, ob \u00fcber sie personenbezogene Daten verarbeitet werden.<\/p>\n<p>b) Recht auf Auskunft (Art. 15 DSGVO)<br \/>\nJede betroffene Person hat das Recht, unentgeltliche Auskunft \u00fcber die zu seiner Person gespeicherten personenbezogenen Daten und eine Kopie dieser Auskunft zu erhalten.<\/p>\n<p>c) Recht auf Berichtigung (Art. 16 DSGVO)<br \/>\nDie betroffene Person hat das Recht, von dem Verantwortlichen unverz\u00fcglich die Berichtigung sie betreffender unrichtiger personenbezogener Daten zu verlangen.<\/p>\n<p>d) Recht auf L\u00f6schung (Recht auf Vergessen werden) (Art. 17 DSGVO)<br \/>\nJede betroffene Person hat das Recht, zu verlangen, dass die sie betreffenden personenbezogenen Daten unverz\u00fcglich gel\u00f6scht werden, sofern einer der gesetzlich genannten Gr\u00fcnde zutrifft und soweit die Verarbeitung nicht erforderlich ist.<\/p>\n<p>e) Recht auf Einschr\u00e4nkung der Verarbeitung (Art. 18 DSGVO)<br \/>\nJede betroffene Person hat das Recht, die Einschr\u00e4nkung der Verarbeitung zu verlangen, sofern einer der gesetzlich genannten Gr\u00fcnde zutrifft.<\/p>\n<p>f) Recht auf Daten\u00fcbertragbarkeit (Art. 20 DSGVO)<br \/>\nJede betroffene Person hat das Recht, die sie betreffenden personenbezogenen Daten, welche durch sie einem Verantwortlichen bereitgestellt wurden, in einem strukturierten, g\u00e4ngigen und maschinenlesbaren Format zu erhalten und diese Daten einem anderen Verantwortlichen ohne Behinderung zu \u00fcbermitteln, sofern die Verarbeitung auf der Einwilligung gem\u00e4\u00df Art. 6 Abs. 1 Buchstabe a DS-GVO oder Art. 9 Abs. 2 Buchstabe a DS-GVO oder auf einem Vertrag gem\u00e4\u00df Art. 6 Abs. 1 Buchstabe b DS-GVO beruht und die Verarbeitung mithilfe automatisierter Verfahren erfolgt, sofern die Verarbeitung nicht f\u00fcr die Wahrnehmung einer Aufgabe erforderlich ist, die im \u00f6ffentlichen Interesse liegt oder in Aus\u00fcbung \u00f6ffentlicher Gewalt erfolgt, welche dem Verantwortlichen \u00fcbertragen wurde.<br \/>\nFerner hat die betroffene Person bei der Aus\u00fcbung ihres Rechts auf Daten\u00fcbertragbarkeit gem\u00e4\u00df Art. 20 Abs. 1 DS-GVO das Recht, zu erwirken, dass die personenbezogenen Daten direkt von einem Verantwortlichen an einen anderen Verantwortlichen \u00fcbermittelt werden, soweit dies technisch machbar ist und sofern hiervon nicht die Rechte und Freiheiten anderer Personen beeintr\u00e4chtigt werden.<\/p>\n<p>g) Recht auf Widerruf einer datenschutzrechtlichen Einwilligung (Art. 13 DSGVO)<br \/>\nJede betroffene Person hat das Recht, eine Einwilligung zur Verarbeitung personenbezogener Daten jederzeit zu widerrufen, wenn die Verarbeitung auf Art.6 Abs. 1 lit. a oder Art. 9 Abs. 2 lit. a beruht, ohne dass die Rechtm\u00e4\u00dfigkeit der aufgrund der Einwilligung bis zum Widerruf erfolgten Verarbeitung ber\u00fchrt wird.<\/p>\n<hr>\n<p><b>h) Recht auf Widerspruch (Art. 21 DSGVO)<br \/>\nJede betroffene Person hat das Recht, aus Gr\u00fcnden, die sich aus ihrer besonderen Situation ergeben, jederzeit gegen die Verarbeitung sie betreffender personenbezogener Daten, die aufgrund von Art. 6 Abs. 1 Buchstaben e oder f DS-GVO erfolgt, Widerspruch einzulegen. Dies gilt auch f\u00fcr ein auf diese Bestimmungen gest\u00fctztes Profiling.Werden personenbezogene Daten verarbeitet, um Direktwerbung zu betreiben, so hat die betroffene Person das Recht, jederzeit Widerspruch gegen die Verarbeitung sie betreffender personenbezogener Daten zum Zwecke derartiger Werbung einzulegen; dies gilt auch f\u00fcr das Profiling, soweit es mit solcher Direktwerbung in Verbindung steht.<\/b><\/p>\n<hr>\n<p>i) Automatisierte Entscheidungen im Einzelfall einschlie\u00dflich Profiling (Art. 22 DSGVO)<br \/>\nJede betroffene Person hat das Recht, nicht einer ausschlie\u00dflich auf einer automatisierten Verarbeitung &#8211; einschlie\u00dflich Profiling &#8211; beruhenden Entscheidung unterworfen zu werden, die ihr gegen\u00fcber rechtliche Wirkung entfaltet oder sie in \u00e4hnlicher Weise erheblich beeintr\u00e4chtigt, sofern die Entscheidung<\/p>\n<ul style=\"list-style-type: none;\">\n<li>(1) nicht f\u00fcr den Abschluss oder die Erf\u00fcllung eines Vertrags zwischen der betroffenen Person und dem Verantwortlichen erforderlich ist, oder<\/li>\n<li>(2) aufgrund von Rechtsvorschriften der Union oder der Mitgliedstaaten, denen der Verantwortliche unterliegt, zul\u00e4ssig ist und diese Rechtsvorschriften angemessene Ma\u00dfnahmen zur Wahrung der Rechte und Freiheiten sowie der berechtigten Interessen der betroffenen Person enthalten oder<\/li>\n<li>(3) mit ausdr\u00fccklicher Einwilligung der betroffenen Person erfolgt.<\/li>\n<\/ul>\n<p>In den in (1) und (3) genannten F\u00e4llen werden angemessene Ma\u00dfnahmen getroffen, um die Rechte und Freiheiten sowie die berechtigten Interessen der betroffenen Person zu wahren, wozu mindestens das Recht auf Erwirkung des Eingreifens einer Person seitens des Verantwortlichen, auf Darlegung des eigenen Standpunkts und auf Anfechtung der Entscheidung geh\u00f6rt.<\/p>\n<p>&nbsp;<\/p>\n<p><b>Dauer, f\u00fcr die die personenbezogenen Daten gespeichert werden<\/b><\/p>\n<p>Das Kriterium f\u00fcr die Dauer der Speicherung von personenbezogenen Daten ist die jeweilige gesetzlich vorgeschriebene Aufbewahrungsfrist. Nach Ablauf der Frist werden die entsprechenden Daten routinem\u00e4\u00dfig gel\u00f6scht, sofern sie nicht mehr zur Vertragserf\u00fcllung oder Vertragsanbahnung erforderlich sind.<\/p>\n<p>&nbsp;<\/p>\n<p><b>Sonstige Daten<\/b><\/p>\n<p>Wir speichern folgende weitere Daten zu folgenden Zwecken:<\/p>\n<p>Rundschreiben<\/p>\n<p>Die Daten werden nicht an Dritte weitergegeben.<\/p>\n<p>&nbsp;<\/p>\n<p><b>Fremde Inhalte<\/b><\/p>\n<p>Auf Seiten unseres Webangebotes k\u00f6nnen auch Inhalte Dritter (z.B. YouTube Videos oder Videos anderer Anbieter, Google-Maps, RSS-Feeds o.\u00c4.) eingebunden sein. Die Anbieter dieser Inhalte speichen i.d.R. Cookies auf dem Rechner der Nutzer. Dies k\u00f6nnen Sie durch entsprechende Einstellungen Ihres Browsers verhindern, was jedoch zur Folge haben kann, dass diese Inhalte nicht korrekt angezeigt werden.<\/p>\n<p>Dar\u00fcber hinaus speichern viele (Dritt-)Anbieter die IP-Adresse der Nutzer, um die entsprechenden Inhalte an den Browser des Nutzers senden zu k\u00f6nnen. Auf die Verwendung der IP-Adresse beim (Dritt-)Anbieter haben wir leider keinen Einfluss.<\/p>\n<p>&nbsp;<\/p>\n<p>Datenschutzerkl\u00e4rung erstellt mit dem interaktiven Muster f\u00fcr die <a href=\"https:\/\/www.123recht.net\/datenschutzgenerator.asp\" target=\"_blank\" rel=\"noopener\">Datenschutzerkl\u00e4rung von 123recht.net<\/a> &#8211; Rechtsberatung online.<\/p>\n<p><\/p>","protected":false},"excerpt":{"rendered":"<p>Datenschutzerkl\u00e4rung f\u00fcr armenier-frankfurt.de Sehr geehrte Besucherinnen und Besucher, wir freuen uns \u00fcber Ihren Besuch auf unseren Webseiten. Wir m\u00f6chten, dass Sie sich hierbei sicher und wohl f\u00fchlen. Der Schutz Ihrer Privatsph\u00e4re hat f\u00fcr uns einen hohen Stellenwert. Die folgenden Datenschutzbestimmungen sind daf\u00fcr gedacht, Sie \u00fcber unsere Handhabung der Erhebung, Verwendung und Weitergabe von pers\u00f6nlichen Daten [&hellip;]<\/p>\n","protected":false},"author":2,"featured_media":0,"parent":0,"menu_order":0,"comment_status":"closed","ping_status":"closed","template":"","meta":{"ngg_post_thumbnail":0,"footnotes":""},"class_list":["post-2910","page","type-page","status-publish","hentry"],"_links":{"self":[{"href":"https:\/\/armenier-frankfurt.de\/hy\/wp-json\/wp\/v2\/pages\/2910","targetHints":{"allow":["GET"]}}],"collection":[{"href":"https:\/\/armenier-frankfurt.de\/hy\/wp-json\/wp\/v2\/pages"}],"about":[{"href":"https:\/\/armenier-frankfurt.de\/hy\/wp-json\/wp\/v2\/types\/page"}],"author":[{"embeddable":true,"href":"https:\/\/armenier-frankfurt.de\/hy\/wp-json\/wp\/v2\/users\/2"}],"replies":[{"embeddable":true,"href":"https:\/\/armenier-frankfurt.de\/hy\/wp-json\/wp\/v2\/comments?post=2910"}],"version-history":[{"count":2,"href":"https:\/\/armenier-frankfurt.de\/hy\/wp-json\/wp\/v2\/pages\/2910\/revisions"}],"predecessor-version":[{"id":3128,"href":"https:\/\/armenier-frankfurt.de\/hy\/wp-json\/wp\/v2\/pages\/2910\/revisions\/3128"}],"wp:attachment":[{"href":"https:\/\/armenier-frankfurt.de\/hy\/wp-json\/wp\/v2\/media?parent=2910"}],"curies":[{"name":"wp","href":"https:\/\/api.w.org\/{rel}","templated":true}]}}