{"id":115,"date":"2012-07-30T23:32:38","date_gmt":"2012-07-30T21:32:38","guid":{"rendered":"http:\/\/armenier-frankfurt.de\/?page_id=115"},"modified":"2025-11-30T21:15:40","modified_gmt":"2025-11-30T20:15:40","slug":"vorstand","status":"publish","type":"page","link":"https:\/\/armenier-frankfurt.de\/hy\/unser-verein\/vorstand\/","title":{"rendered":"Vorstand \/\/ \u054e\u0561\u0580\u0579\u0578\u0582\u0569\u0575\u0578\u0582\u0576"},"content":{"rendered":"<p><span style=\"font-size: 12px;\">Der Armenische Kultur Verein in Hessen e.V. wird durch einen f\u00fcnfk\u00f6pfigen Vorstand repr\u00e4sentiert.<\/span><\/p>\n<p><span style=\"font-size: 12px;\">In der Mitgliedervollversammlung am 19.01.2025 wurde ein neuer Vorstand gew\u00e4hlt:<\/span><\/p>\n<ul style=\"list-style-type: circle;\">\n<li><span style=\"font-size: 12px;\">Ruben Muradyan (1. Vorstandsvorsitzender)<\/span><\/li>\n<li><span style=\"font-size: 12px;\">Edvin Movsisyan (2. Vorstandsvorsitzende)<\/span><\/li>\n<li><span style=\"font-size: 12px;\">Lusine Shahramanyan (Schatzmeisterin)<\/span><\/li>\n<li><span style=\"font-size: 12px;\">Naira Galstyan (Schriftf\u00fchrerin)<\/span><\/li>\n<li><span style=\"font-size: 12px;\">Aida Habobyan (Jugendbeauftragte)<\/span><\/li>\n<\/ul>\n<p><span style=\"font-size: 12px;\">Der neue Vorstand bedankt sich herzlich beim bisherigen Vorstand f\u00fcr die bis dato hervorragende Arbeit.<\/span><\/p>\n<p><span style=\"font-size: 14px;\">&#8212;&#8212;&#8212;&#8212;&#8212;&#8212;&#8212;&#8212;&#8212;&#8212;&#8212;&#8212;&#8212;&#8212;&#8212;&#8212;&#8212;&#8212;&#8212;&#8212;&#8212;&#8212;&#8212;&#8212;&#8212;&#8212;&#8212;&#8212;&#8212;&#8212;&#8212;&#8212;&#8212;<\/span><\/p>\n<p>2025\u0569. \u0570\u0578\u0582\u0576\u057e\u0561\u0580\u056b 19-\u056b\u0576 \u057f\u0565\u0572\u056b \u0578\u0582\u0576\u0565\u0581\u0561\u057e \u0540.\u0540. \u0544\u0577\u0561\u056f\u0578\u0582\u0569\u0561\u0575\u056b\u0576 \u0574\u056b\u0578\u0582\u0569\u0575\u0561\u0576 \u0561\u0576\u0564\u0561\u0574\u0576\u0565\u0580\u056b \u0568\u0576\u057f\u0580\u0561\u056f\u0561\u0576 \u056a\u0578\u0572\u0578\u057e\u0568: \u053a\u0578\u0572\u0578\u057e\u056b \u0568\u0576\u0569\u0561\u0581\u0584\u0578\u0582\u0574 \u0568\u0576\u057f\u0580\u057e\u0565\u0581 \u0576\u0578\u0580 \u057e\u0561\u0580\u0579\u0578\u0582\u0569\u0575\u0578\u0582\u0576` \u0570\u0565\u057f\u0587\u0575\u0561\u056c \u0561\u0576\u0571\u0576\u0561\u056f\u0561\u0566\u0574\u0578\u057e.<\/p>\n<ul style=\"list-style-type: circle;\">\n<li><span style=\"font-size: 14px;\">\u054c\u0578\u0582\u0562\u0565\u0576 \u0544\u0578\u0582\u0580\u0561\u0564\u0575\u0561\u0576 (\u0561\u057c\u0561\u057b\u056b\u0576 \u0576\u0561\u056d\u0561\u0563\u0561\u0570)<\/span><\/li>\n<li><span style=\"font-size: 14px;\">\u0537\u0564\u057e\u056b\u0576 \u0544\u0578\u057e\u057d\u056b\u057d\u0575\u0561\u0576 (\u0565\u0580\u056f\u0580\u0578\u0580\u0564 \u0576\u0561\u056d\u0561\u0563\u0561\u0570)<\/span><\/li>\n<li><span style=\"font-size: 14px;\">\u053c\u0578\u0582\u057d\u056b\u0576\u0565 \u0547\u0561\u0570\u0580\u0561\u0574\u0561\u0576\u0575\u0561\u0576 (\u0563\u0561\u0576\u0571\u0561\u057a\u0561\u0570)<\/span><\/li>\n<li><span style=\"font-size: 14px;\">\u0546\u0561\u056b\u0580\u0561 \u0533\u0561\u056c\u057d\u057f\u0575\u0561\u0576 (\u0563\u0580\u0561\u0563\u056b\u0580)<\/span><\/li>\n<li><span style=\"font-size: 14px;\">\u0531\u056b\u0564\u0561 \u0540\u0561\u056f\u0578\u0562\u0575\u0561\u0576 (\u0565\u0580\u056b\u057f\u0561\u057d\u0561\u0580\u0564\u0576\u0565\u0580\u056b \u0570\u0561\u0580\u0581\u0565\u0580\u0578\u057e \u057a\u0561\u057f\u0561\u057d\u056d\u0561\u0576\u0561\u057f\u0578\u0582)<\/span><\/li>\n<\/ul>\n<p><span style=\"font-size: 14px;\">\u0546\u0578\u0580\u0568\u0576\u057f\u056b\u0580 \u057e\u0561\u0580\u0579\u0578\u0582\u0569\u0575\u0578\u0582\u0576\u0568 \u056b\u0580 \u056d\u0578\u0580\u056b\u0576 \u0577\u0576\u0578\u0580\u0570\u0561\u056f\u0561\u056c\u0578\u0582\u0569\u0575\u0578\u0582\u0576\u0576 \u0567 \u0570\u0561\u0575\u057f\u0576\u0578\u0582\u0574 \u0576\u0561\u056d\u056f\u056b\u0576 \u057e\u0561\u0580\u0579\u0578\u0582\u0569\u0575\u0561\u0576\u0568` \u056b\u0580 \u056f\u0561\u057f\u0561\u0580\u0561\u056e \u0561\u0566\u0563\u0561\u0576\u057e\u0565\u0580 \u0587 \u0561\u0576\u0571\u0576\u057e\u0565\u0580 \u0561\u0577\u056d\u0561\u057f\u0561\u0576\u0584\u056b \u0570\u0561\u0574\u0561\u0580:<\/span><\/p>\n","protected":false},"excerpt":{"rendered":"<p>Der Armenische Kultur Verein in Hessen e.V. wird durch einen f\u00fcnfk\u00f6pfigen Vorstand repr\u00e4sentiert. In der Mitgliedervollversammlung am 19.01.2025 wurde ein neuer Vorstand gew\u00e4hlt: Ruben Muradyan (1. Vorstandsvorsitzender) Edvin Movsisyan (2. Vorstandsvorsitzende) Lusine Shahramanyan (Schatzmeisterin) Naira Galstyan (Schriftf\u00fchrerin) Aida Habobyan (Jugendbeauftragte) Der neue Vorstand bedankt sich herzlich beim bisherigen Vorstand f\u00fcr die bis dato hervorragende Arbeit. [&hellip;]<\/p>\n","protected":false},"author":2,"featured_media":0,"parent":2,"menu_order":0,"comment_status":"closed","ping_status":"closed","template":"","meta":{"ngg_post_thumbnail":0,"footnotes":""},"class_list":["post-115","page","type-page","status-publish","hentry"],"_links":{"self":[{"href":"https:\/\/armenier-frankfurt.de\/hy\/wp-json\/wp\/v2\/pages\/115","targetHints":{"allow":["GET"]}}],"collection":[{"href":"https:\/\/armenier-frankfurt.de\/hy\/wp-json\/wp\/v2\/pages"}],"about":[{"href":"https:\/\/armenier-frankfurt.de\/hy\/wp-json\/wp\/v2\/types\/page"}],"author":[{"embeddable":true,"href":"https:\/\/armenier-frankfurt.de\/hy\/wp-json\/wp\/v2\/users\/2"}],"replies":[{"embeddable":true,"href":"https:\/\/armenier-frankfurt.de\/hy\/wp-json\/wp\/v2\/comments?post=115"}],"version-history":[{"count":9,"href":"https:\/\/armenier-frankfurt.de\/hy\/wp-json\/wp\/v2\/pages\/115\/revisions"}],"predecessor-version":[{"id":3221,"href":"https:\/\/armenier-frankfurt.de\/hy\/wp-json\/wp\/v2\/pages\/115\/revisions\/3221"}],"up":[{"embeddable":true,"href":"https:\/\/armenier-frankfurt.de\/hy\/wp-json\/wp\/v2\/pages\/2"}],"wp:attachment":[{"href":"https:\/\/armenier-frankfurt.de\/hy\/wp-json\/wp\/v2\/media?parent=115"}],"curies":[{"name":"wp","href":"https:\/\/api.w.org\/{rel}","templated":true}]}}